{"id":8909,"date":"2019-03-20T15:21:54","date_gmt":"2019-03-20T15:21:54","guid":{"rendered":"https:\/\/shinetheme.com\/travelerdata\/singlehotel\/?page_id=8909"},"modified":"2023-12-19T15:51:06","modified_gmt":"2023-12-19T15:51:06","slug":"services","status":"publish","type":"page","link":"https:\/\/hotelrosamexicano.mx\/en\/services\/","title":{"rendered":"Activities"},"content":{"rendered":"<section class=\"wpb-content-wrapper\"><div class=\"vc_row wpb_row st bg-holder\"><div class='container'><div class='row'>\n\t<div class=\"wpb_column column_container col-md-12\"><div class=\"vc_column-inner wpb_wrapper\">\n\t\t\t\n\t<div class=\"wpb_text_column wpb_content_element\" >\n\t\t<div class=\"wpb_wrapper\">\n\t\t\t<p>En Rosa Mexicano, no solo te ofrecemos una acogedora estancia en el coraz\u00f3n del centro hist\u00f3rico de Oaxaca, sino tambi\u00e9n la oportunidad de sumergirte en experiencias aut\u00e9nticas y enriquecedoras a trav\u00e9s de nuestras actividades adicionales.<\/p>\n<p>&nbsp;<\/p>\n<p>Queremos que tu estancia en Oaxaca sea inolvidable, por lo que hemos colaborado con expertos locales y agencias especializadas para brindarte lo mejor de la cultura, la gastronom\u00eda y la historia de la regi\u00f3n. Es importante destacar que estas actividades no son directamente proporcionadas por el hotel, sino que son cuidadosamente seleccionadas y ofrecidas en asociaci\u00f3n con individuos y organizaciones que comparten nuestra pasi\u00f3n por proporcionar experiencias excepcionales.<br \/>\nExplora la riqueza culinaria de Oaxaca con nuestras clases de cocina, dirigidas por una Chef Oaxaque\u00f1a especializada en aut\u00e9nticas delicias locales. Descubre la belleza del idioma espa\u00f1ol a trav\u00e9s de clases impartidas por escuelas de idiomas dise\u00f1adas espec\u00edficamente para aquellos de habla inglesa y europea. Sum\u00e9rgete en las maravillas de Oaxaca con nuestras gu\u00edas tur\u00edsticas, facilitadas por agencias de viajes locales que conocen cada rinc\u00f3n fascinante de esta tierra vibrante.<\/p>\n<p>&nbsp;<\/p>\n<p>En cada actividad, desde la recogida en el hotel hasta el regreso, nos esforzamos por ofrecerte una experiencia sin complicaciones y enriquecedora. \u00a1Prep\u00e1rate para sumergirte en lo aut\u00e9ntico y descubrir Oaxaca de una manera \u00fanica!<\/p>\n<p>&nbsp;<\/p>\n<p>Si deseas m\u00e1s informaci\u00f3n, cont\u00e1ctanos a trav\u00e9s de gerente@hotelrosamexicano.mx \/ +529516513971 o directamente con el personal del hotel. Ellos se encargar\u00e1n de toda la organizaci\u00f3n y para que t\u00fa solo tengas que relajarte y disfrutar.<\/p>\n\n\t\t<\/div>\n\t<\/div>\n<\/div>\n\t<\/div> \n<\/div><!--End .row--><\/div><!--End .container--><\/div><div class=\"vc_row wpb_row st bg-holder\"><div class='container'><div class='row'>\n\t<div class=\"wpb_column column_container col-md-12\"><div class=\"vc_column-inner wpb_wrapper\">\n\t\t\t<div class=\"vc_empty_space\"   style=\"height: 80px\"><span class=\"vc_empty_space_inner\"><\/span><\/div><\/div>\n\t<\/div> \n<\/div><!--End .row--><\/div><!--End .container--><\/div><div class=\"vc_row wpb_row st bg-holder\"><div class='container'><div class='row'>\n\t<div class=\"wpb_column column_container col-md-6 vc_custom_1553050491441\"><div class=\"vc_column-inner wpb_wrapper\">\n\t\t\t\n\t<div  class=\"wpb_single_image wpb_content_element vc_align_left   st-height-570\">\n\t\t\n\t\t<figure class=\"wpb_wrapper vc_figure\">\n\t\t\t<div class=\"vc_single_image-wrapper   vc_box_border_grey\"><img fetchpriority=\"high\" decoding=\"async\" width=\"1920\" height=\"1440\" src=\"https:\/\/hotelrosamexicano.mx\/wp-content\/uploads\/2023\/11\/maarten-van-den-heuvel-EzH46XCDQRY-unsplash.jpg\" class=\"vc_single_image-img attachment-full\" alt=\"\" title=\"maarten-van-den-heuvel-EzH46XCDQRY-unsplash\" srcset=\"https:\/\/hotelrosamexicano.mx\/wp-content\/uploads\/2023\/11\/maarten-van-den-heuvel-EzH46XCDQRY-unsplash.jpg 1920w, https:\/\/hotelrosamexicano.mx\/wp-content\/uploads\/2023\/11\/maarten-van-den-heuvel-EzH46XCDQRY-unsplash-768x576.jpg 768w, https:\/\/hotelrosamexicano.mx\/wp-content\/uploads\/2023\/11\/maarten-van-den-heuvel-EzH46XCDQRY-unsplash-600x450.jpg 600w\" sizes=\"(max-width: 1920px) 100vw, 1920px\" \/><\/div>\n\t\t<\/figure>\n\t<\/div>\n<\/div>\n\t<\/div> \n\n\t<div class=\"wpb_column column_container col-md-6 vc_custom_1553050481177\"><div class=\"vc_column-inner wpb_wrapper\">\n\t\t\t<div class=\"vc_empty_space\"   style=\"height: 100px\"><span class=\"vc_empty_space_inner\"><\/span><\/div>    <div class=\"content-text padding-0 st-default\">\r\n        <div class=\"st-text-center\">\r\n            <h2 class=\"st_default  style-2\">Clases de Cocina<\/h2>\r\n            <div class=\"box__separator  hidden-thumb\"><\/div>\r\n            <div class=\"st_default\"><span style=\"font-weight: 400;\">Sum\u00e9rgete en la aut\u00e9ntica experiencia culinaria oaxaque\u00f1a con estas tradicionales clases de cocina. Comenzar\u00e1n tu d\u00eda recogi\u00e9ndote en el hotel y llev\u00e1ndote a los vibrantes mercados locales, donde seleccionar\u00e1s los ingredientes frescos y coloridos para tus platillos. Despu\u00e9s, se transportar\u00e1n a una cocina t\u00edpica oaxaque\u00f1a, donde grupos peque\u00f1os garantizan atenci\u00f3n personalizada. Equipado con utensilios tradicionales, aprender\u00e1s las artes culinarias locales, desde la preparaci\u00f3n de moles, tamales, salsas, y tortillas hechas a mano hasta su presentaci\u00f3n. Al finalizar, te llevar\u00e1n de vuelta al Hotel Rosa Mexicano, con la satisfacci\u00f3n de haber vivido una experiencia culinaria \u00fanica en Oaxaca.<\/span><\/div>\r\n        <\/div>\r\n    <\/div>\r\n<div class=\"vc_empty_space\"   style=\"height: 40px\"><span class=\"vc_empty_space_inner\"><\/span><\/div><\/div>\n\t<\/div> \n<\/div><!--End .row--><\/div><!--End .container--><\/div><div class=\"vc_row wpb_row st bg-holder\"><div class='container'><div class='row'>\n\t<div class=\"wpb_column column_container col-md-12\"><div class=\"vc_column-inner wpb_wrapper\">\n\t\t\t<div class=\"vc_empty_space\"   style=\"height: 140px\"><span class=\"vc_empty_space_inner\"><\/span><\/div><\/div>\n\t<\/div> \n<\/div><!--End .row--><\/div><!--End .container--><\/div><div class=\"vc_row wpb_row st bg-holder\"><div class='container'><div class='row'>\n\t<div class=\"wpb_column column_container col-md-6\"><div class=\"vc_column-inner wpb_wrapper\">\n\t\t\t<div class=\"vc_empty_space\"   style=\"height: 100px\"><span class=\"vc_empty_space_inner\"><\/span><\/div>    <div class=\"content-text padding-0 st-default\">\r\n        <div class=\"st-text-center\">\r\n            <h2 class=\"st_default  style-2\">Clases de Espa\u00f1ol<\/h2>\r\n            <div class=\"box__separator  hidden-thumb\"><\/div>\r\n            <div class=\"st_default\"><span style=\"font-weight: 400;\">Descubre la belleza del idioma espa\u00f1ol en estas din\u00e1micas clases adaptadas a todos los niveles. La escuela se encargar\u00e1 de recogerte en el hotel para tu comodidad. Ofrecen clases particulares o en grupo, ideales para estancias largas o \u00abcrash courses\u00bb para visitas m\u00e1s breves. Los instructores especializados te brindar\u00e1n las herramientas necesarias para comunicarte con confianza. Despu\u00e9s de cada lecci\u00f3n, te llevar\u00e1n de regreso al Hotel Rosa Mexicano, donde podr\u00e1s practicar lo aprendido con nuestro personal si as\u00ed lo deseas.<\/span><\/div>\r\n        <\/div>\r\n    <\/div>\r\n<div class=\"vc_empty_space\"   style=\"height: 40px\"><span class=\"vc_empty_space_inner\"><\/span><\/div><div class=\"vc_empty_space\"   style=\"height: 40px\"><span class=\"vc_empty_space_inner\"><\/span><\/div><\/div>\n\t<\/div> \n\n\t<div class=\"wpb_column column_container col-md-6\"><div class=\"vc_column-inner wpb_wrapper\">\n\t\t\t\n\t<div  class=\"wpb_single_image wpb_content_element vc_align_left   st-height-570\">\n\t\t\n\t\t<figure class=\"wpb_wrapper vc_figure\">\n\t\t\t<div class=\"vc_single_image-wrapper   vc_box_border_grey\"><img decoding=\"async\" width=\"3696\" height=\"2784\" src=\"https:\/\/hotelrosamexicano.mx\/wp-content\/uploads\/2023\/11\/Spanish-Certificate-52.png\" class=\"vc_single_image-img attachment-full\" alt=\"\" title=\"Spanish-Certificate-52\" srcset=\"https:\/\/hotelrosamexicano.mx\/wp-content\/uploads\/2023\/11\/Spanish-Certificate-52.png 3696w, https:\/\/hotelrosamexicano.mx\/wp-content\/uploads\/2023\/11\/Spanish-Certificate-52-768x578.png 768w, https:\/\/hotelrosamexicano.mx\/wp-content\/uploads\/2023\/11\/Spanish-Certificate-52-600x451.png 600w\" sizes=\"(max-width: 3696px) 100vw, 3696px\" \/><\/div>\n\t\t<\/figure>\n\t<\/div>\n<\/div>\n\t<\/div> \n<\/div><!--End .row--><\/div><!--End .container--><\/div><div class=\"vc_row wpb_row st bg-holder\"><div class='container'><div class='row'>\n\t<div class=\"wpb_column column_container col-md-12\"><div class=\"vc_column-inner wpb_wrapper\">\n\t\t\t<div class=\"vc_empty_space\"   style=\"height: 140px\"><span class=\"vc_empty_space_inner\"><\/span><\/div><\/div>\n\t<\/div> \n<\/div><!--End .row--><\/div><!--End .container--><\/div><div class=\"vc_row wpb_row st bg-holder\"><div class='container'><div class='row'>\n\t<div class=\"wpb_column column_container col-md-6 vc_custom_1553050527458\"><div class=\"vc_column-inner wpb_wrapper\">\n\t\t\t\n\t<div  class=\"wpb_single_image wpb_content_element vc_align_left   st-height-570\">\n\t\t\n\t\t<figure class=\"wpb_wrapper vc_figure\">\n\t\t\t<div class=\"vc_single_image-wrapper   vc_box_border_grey\"><img decoding=\"async\" width=\"2560\" height=\"2560\" src=\"https:\/\/hotelrosamexicano.mx\/wp-content\/uploads\/2023\/11\/girl-with-red-hat-LFupc-1E4o-unsplash-scaled.jpg\" class=\"vc_single_image-img attachment-full\" alt=\"\" title=\"girl-with-red-hat-LFupc--1E4o-unsplash\" srcset=\"https:\/\/hotelrosamexicano.mx\/wp-content\/uploads\/2023\/11\/girl-with-red-hat-LFupc-1E4o-unsplash-scaled.jpg 2560w, https:\/\/hotelrosamexicano.mx\/wp-content\/uploads\/2023\/11\/girl-with-red-hat-LFupc-1E4o-unsplash-300x300.jpg 300w, https:\/\/hotelrosamexicano.mx\/wp-content\/uploads\/2023\/11\/girl-with-red-hat-LFupc-1E4o-unsplash-1024x1024.jpg 1024w, https:\/\/hotelrosamexicano.mx\/wp-content\/uploads\/2023\/11\/girl-with-red-hat-LFupc-1E4o-unsplash-150x150.jpg 150w, https:\/\/hotelrosamexicano.mx\/wp-content\/uploads\/2023\/11\/girl-with-red-hat-LFupc-1E4o-unsplash-1536x1536.jpg 1536w, https:\/\/hotelrosamexicano.mx\/wp-content\/uploads\/2023\/11\/girl-with-red-hat-LFupc-1E4o-unsplash-2048x2048.jpg 2048w, https:\/\/hotelrosamexicano.mx\/wp-content\/uploads\/2023\/11\/girl-with-red-hat-LFupc-1E4o-unsplash-scaled-600x600.jpg 600w, https:\/\/hotelrosamexicano.mx\/wp-content\/uploads\/2023\/11\/girl-with-red-hat-LFupc-1E4o-unsplash-100x100.jpg 100w\" sizes=\"(max-width: 2560px) 100vw, 2560px\" \/><\/div>\n\t\t<\/figure>\n\t<\/div>\n<\/div>\n\t<\/div> \n\n\t<div class=\"wpb_column column_container col-md-6 vc_custom_1553050533959\"><div class=\"vc_column-inner wpb_wrapper\">\n\t\t\t<div class=\"vc_empty_space\"   style=\"height: 100px\"><span class=\"vc_empty_space_inner\"><\/span><\/div>    <div class=\"content-text padding-0 st-default\">\r\n        <div class=\"st-text-center\">\r\n            <h2 class=\"st_default  style-2\">Gu\u00edas Tur\u00edsticas<\/h2>\r\n            <div class=\"box__separator  hidden-thumb\"><\/div>\r\n            <div class=\"st_default\"><span style=\"font-weight: 400;\">Explora Oaxaca y sus maravillas con estas gu\u00edas tur\u00edsticas personalizadas. Desde tours privados hasta excursiones grupales, la agencia te recoger\u00e1 directamente en el hotel y te llevar\u00e1 a tu destino deseado. Descubre joyas locales como Hierve el Agua, Mitla, El Tule, Monte Alb\u00e1n, San Mart\u00edn Tilcajete, y m\u00e1s. Los expertos te sumergir\u00e1n en la rica historia y cultura de cada lugar, asegurando una experiencia enriquecedora. Al concluir el tour, te garantizamos un regreso seguro y c\u00f3modo al Hotel Rosa Mexicano, donde puedes compartir tus experiencias inolvidables.<\/span><\/div>\r\n        <\/div>\r\n    <\/div>\r\n<div class=\"vc_empty_space\"   style=\"height: 40px\"><span class=\"vc_empty_space_inner\"><\/span><\/div><\/div>\n\t<\/div> \n<\/div><!--End .row--><\/div><!--End .container--><\/div><div class=\"vc_row wpb_row st bg-holder\"><div class='container'><div class='row'>\n\t<div class=\"wpb_column column_container col-md-12\"><div class=\"vc_column-inner wpb_wrapper\">\n\t\t\t<div class=\"vc_empty_space\"   style=\"height: 140px\"><span class=\"vc_empty_space_inner\"><\/span><\/div><\/div>\n\t<\/div> \n<\/div><!--End .row--><\/div><!--End .container--><\/div><div class=\"vc_row wpb_row st bg-holder\"><div class='container'><div class='row'>\n\t<div class=\"wpb_column column_container col-md-6\"><div class=\"vc_column-inner wpb_wrapper\">\n\t\t\t<div class=\"vc_empty_space\"   style=\"height: 100px\"><span class=\"vc_empty_space_inner\"><\/span><\/div>    <div class=\"content-text padding-0 st-default\">\r\n        <div class=\"st-text-center\">\r\n            <h2 class=\"st_default  style-2\">M\u00e1s actividades<\/h2>\r\n            <div class=\"box__separator  hidden-thumb\"><\/div>\r\n            <div class=\"st_default\">-Clase de Pintura, Dibujo y Grabado<\/p>\n<p>-Tours de Arte Urbano (Coyote aventura) para visitar murales en la Ciudad en bicicleta<\/p>\n<p>-Clases de Macram\u00e9<\/p>\n<p>-Taller de Ceramica<\/p>\n<p>-Taller de tejido de telar<\/div>\r\n        <\/div>\r\n    <\/div>\r\n<div class=\"vc_empty_space\"   style=\"height: 40px\"><span class=\"vc_empty_space_inner\"><\/span><\/div><div class=\"vc_empty_space\"   style=\"height: 40px\"><span class=\"vc_empty_space_inner\"><\/span><\/div><\/div>\n\t<\/div> \n\n\t<div class=\"wpb_column column_container col-md-6\"><div class=\"vc_column-inner wpb_wrapper\">\n\t\t\t\n\t<div  class=\"wpb_single_image wpb_content_element vc_align_left   st-height-570\">\n\t\t\n\t\t<figure class=\"wpb_wrapper vc_figure\">\n\t\t\t<div class=\"vc_single_image-wrapper   vc_box_border_grey\"><img loading=\"lazy\" decoding=\"async\" width=\"1600\" height=\"1068\" src=\"https:\/\/hotelrosamexicano.mx\/wp-content\/uploads\/2023\/12\/Portada-Oaxaca-Travel-Tour-2.jpeg\" class=\"vc_single_image-img attachment-full\" alt=\"\" title=\"Portada-Oaxaca-Travel-Tour-2\" srcset=\"https:\/\/hotelrosamexicano.mx\/wp-content\/uploads\/2023\/12\/Portada-Oaxaca-Travel-Tour-2.jpeg 1600w, https:\/\/hotelrosamexicano.mx\/wp-content\/uploads\/2023\/12\/Portada-Oaxaca-Travel-Tour-2-768x512.jpeg 768w, https:\/\/hotelrosamexicano.mx\/wp-content\/uploads\/2023\/12\/Portada-Oaxaca-Travel-Tour-2-600x400.jpeg 600w\" sizes=\"(max-width: 1600px) 100vw, 1600px\" \/><\/div>\n\t\t<\/figure>\n\t<\/div>\n<div class=\"vc_empty_space\"   style=\"height: 80px\"><span class=\"vc_empty_space_inner\"><\/span><\/div><\/div>\n\t<\/div> \n<\/div><!--End .row--><\/div><!--End .container--><\/div><div data-vc-full-width=\"true\" data-vc-full-width-init=\"false\" data-vc-stretch-content=\"true\" class=\"vc_row wpb_row st bg-holder vc_row-no-padding\"><div class='container-fluid'> <div class='row'>\n\t<div class=\"wpb_column column_container col-md-12 vc_custom_1552383216628\"><div class=\"vc_column-inner wpb_wrapper\">\n\t\t\t<\/div>\n\t<\/div> \n<\/div><!--End .row--><\/div><!--End .container--><\/div><div class=\"vc_row-full-width vc_clearfix\"><\/div>\n<\/section>","protected":false},"excerpt":{"rendered":"En Rosa Mexicano, no solo te ofrecemos una acogedora estancia en el coraz\u00f3n del centro hist\u00f3rico de Oaxaca, sino tambi\u00e9n la oportunidad de sumergirte en experiencias aut\u00e9nticas y enriquecedoras a trav\u00e9s de nuestras actividades adicionales. &nbsp; Queremos que tu estancia en Oaxaca sea inolvidable, por lo que hemos colaborado con expertos locales y agencias especializadas [...]","protected":false},"author":1,"featured_media":10229,"parent":0,"menu_order":0,"comment_status":"closed","ping_status":"closed","template":"template-single-hotel-modern.php","meta":{"footnotes":""},"class_list":["post-8909","page","type-page","status-publish","has-post-thumbnail","hentry"],"_links":{"self":[{"href":"https:\/\/hotelrosamexicano.mx\/en\/wp-json\/wp\/v2\/pages\/8909","targetHints":{"allow":["GET"]}}],"collection":[{"href":"https:\/\/hotelrosamexicano.mx\/en\/wp-json\/wp\/v2\/pages"}],"about":[{"href":"https:\/\/hotelrosamexicano.mx\/en\/wp-json\/wp\/v2\/types\/page"}],"author":[{"embeddable":true,"href":"https:\/\/hotelrosamexicano.mx\/en\/wp-json\/wp\/v2\/users\/1"}],"replies":[{"embeddable":true,"href":"https:\/\/hotelrosamexicano.mx\/en\/wp-json\/wp\/v2\/comments?post=8909"}],"version-history":[{"count":14,"href":"https:\/\/hotelrosamexicano.mx\/en\/wp-json\/wp\/v2\/pages\/8909\/revisions"}],"predecessor-version":[{"id":10245,"href":"https:\/\/hotelrosamexicano.mx\/en\/wp-json\/wp\/v2\/pages\/8909\/revisions\/10245"}],"wp:featuredmedia":[{"embeddable":true,"href":"https:\/\/hotelrosamexicano.mx\/en\/wp-json\/wp\/v2\/media\/10229"}],"wp:attachment":[{"href":"https:\/\/hotelrosamexicano.mx\/en\/wp-json\/wp\/v2\/media?parent=8909"}],"curies":[{"name":"wp","href":"https:\/\/api.w.org\/{rel}","templated":true}]}}